{"id":11927,"date":"2020-08-03T07:52:27","date_gmt":"2020-08-03T07:52:27","guid":{"rendered":"https:\/\/elementor.zozothemes.com\/tain\/home-copy\/"},"modified":"2025-10-10T07:56:18","modified_gmt":"2025-10-10T07:56:18","slug":"omnie","status":"publish","type":"page","link":"https:\/\/naukajazdypecko.pl\/index.php\/omnie\/","title":{"rendered":"O mnie"},"content":{"rendered":"\t\t<div data-elementor-type=\"wp-page\" data-elementor-id=\"11927\" class=\"elementor elementor-11927\">\n\t\t\t\t\t\t<section class=\"elementor-section elementor-top-section elementor-element elementor-element-5f0ac02 elementor-section-stretched elementor-section-content-bottom elementor-section-boxed elementor-section-height-default elementor-section-height-default\" data-id=\"5f0ac02\" data-element_type=\"section\" data-settings=\"{&quot;stretch_section&quot;:&quot;section-stretched&quot;,&quot;background_background&quot;:&quot;classic&quot;}\">\n\t\t\t\t\t\t<div class=\"elementor-container elementor-column-gap-wider\">\n\t\t\t\t\t<div class=\"elementor-column elementor-col-50 elementor-top-column elementor-element elementor-element-e5518f6\" data-id=\"e5518f6\" data-element_type=\"column\" data-settings=\"{&quot;background_background&quot;:&quot;classic&quot;}\">\n\t\t\t<div class=\"elementor-widget-wrap elementor-element-populated\">\n\t\t\t\t\t\t<div class=\"elementor-element elementor-element-d0ef14d elementor-widget elementor-widget-image\" data-id=\"d0ef14d\" data-element_type=\"widget\" data-widget_type=\"image.default\">\n\t\t\t\t\t\t\t\t\t\t\t\t\t\t\t<img fetchpriority=\"high\" decoding=\"async\" width=\"317\" height=\"381\" src=\"https:\/\/naukajazdypecko.pl\/wp-content\/uploads\/2022\/06\/car-drive2.png\" class=\"attachment-full size-full wp-image-14501\" alt=\"\" \/>\t\t\t\t\t\t\t\t\t\t\t\t\t\t\t<\/div>\n\t\t\t\t<section class=\"elementor-section elementor-inner-section elementor-element elementor-element-9d1c955 elementor-section-boxed elementor-section-height-default elementor-section-height-default\" data-id=\"9d1c955\" data-element_type=\"section\" data-settings=\"{&quot;background_background&quot;:&quot;classic&quot;}\">\n\t\t\t\t\t\t<div class=\"elementor-container elementor-column-gap-default\">\n\t\t\t\t\t<div class=\"elementor-column elementor-col-50 elementor-inner-column elementor-element elementor-element-a321b1d\" data-id=\"a321b1d\" data-element_type=\"column\">\n\t\t\t<div class=\"elementor-widget-wrap elementor-element-populated\">\n\t\t\t\t\t\t<div class=\"elementor-element elementor-element-e8e4a1a cus-tain-count elementor-widget elementor-widget-taincounter\" data-id=\"e8e4a1a\" data-element_type=\"widget\" data-widget_type=\"taincounter.default\">\n\t\t\t\t<div class=\"elementor-widget-container\">\n\t\t\t\t\t<div class=\"counter-wrapper counter-style-default text-center\" data-css=\"&quot;&quot;\"><div class=\"counter-value\"><h3><span class=\"counter-up\" data-count=\"100\" data-duration=\"2000\">0<\/span><span class=\"counter-suffix\">+<\/span><\/h3><\/div><!-- .counter-value --><div class=\"counter-title\"><h6 class=\"counter-title-head\">Kursant\u00f3w<\/h6><\/div><!-- .counter-title --><\/div><!-- .counter-wrapper -->\t\t\t\t<\/div>\n\t\t\t\t<\/div>\n\t\t\t\t\t<\/div>\n\t\t<\/div>\n\t\t\t\t<div class=\"elementor-column elementor-col-50 elementor-inner-column elementor-element elementor-element-dbd5c72\" data-id=\"dbd5c72\" data-element_type=\"column\">\n\t\t\t<div class=\"elementor-widget-wrap elementor-element-populated\">\n\t\t\t\t\t\t<div class=\"elementor-element elementor-element-e410a7a cus-tain-count elementor-widget elementor-widget-taincounter\" data-id=\"e410a7a\" data-element_type=\"widget\" data-widget_type=\"taincounter.default\">\n\t\t\t\t<div class=\"elementor-widget-container\">\n\t\t\t\t\t<div class=\"counter-wrapper counter-style-default text-center\" data-css=\"&quot;&quot;\"><div class=\"counter-value\"><h3><span class=\"counter-up\" data-count=\"3500\" data-duration=\"2000\">0<\/span><span class=\"counter-suffix\">+<\/span><\/h3><\/div><!-- .counter-value --><div class=\"counter-title\"><h6 class=\"counter-title-head\">godzin jazdy<\/h6><\/div><!-- .counter-title --><\/div><!-- .counter-wrapper -->\t\t\t\t<\/div>\n\t\t\t\t<\/div>\n\t\t\t\t\t<\/div>\n\t\t<\/div>\n\t\t\t\t\t<\/div>\n\t\t<\/section>\n\t\t\t\t\t<\/div>\n\t\t<\/div>\n\t\t\t\t<div class=\"elementor-column elementor-col-50 elementor-top-column elementor-element elementor-element-567014d\" data-id=\"567014d\" data-element_type=\"column\">\n\t\t\t<div class=\"elementor-widget-wrap elementor-element-populated\">\n\t\t\t\t\t\t<div class=\"elementor-element elementor-element-4eabcdf elementor-widget elementor-widget-tainsectiontitle\" data-id=\"4eabcdf\" data-element_type=\"widget\" data-widget_type=\"tainsectiontitle.default\">\n\t\t\t\t<div class=\"elementor-widget-container\">\n\t\t\t\t\t<div class=\"section-title-wrapper margin-bottom-0\"><div class=\"title-wrap\"><span class=\"sub-title\">O mnie<\/span><h3 class=\"section-title\">Kim jestem<\/h3><\/div><!-- .title-wrap --><div class=\"section-description\">Nazywam si\u0119 Bartosz Pecko i prowadz\u0119 indywidualne zaj\u0119cia praktycznej nauki jazdy kategorii B w Gda\u0144sku i okolicach. Od lat pasjonuj\u0119 si\u0119 motoryzacj\u0105 i ucz\u0119 innych, jak prowadzi\u0107 samoch\u00f3d spokojnie, pewnie i bez stresu. Moim celem jest nie tylko przygotowanie kursant\u00f3w do zdania egzaminu, ale przede wszystkim nauczenie ich, jak porusza\u0107 si\u0119 po drogach w spos\u00f3b bezpieczny i odpowiedzialny.\n<br><br>\n\nPodczas zaj\u0119\u0107 stawiam na cierpliwo\u015b\u0107, zrozumienie i indywidualne podej\u015bcie.\nKa\u017cdy kursant ma inne tempo nauki, dlatego dopasowuj\u0119 plan i poziom trudno\u015bci do jego potrzeb. Wiem, \u017ce wiele os\u00f3b zaczyna nauk\u0119 z niepewno\u015bci\u0105 \u2013 dlatego dbam o przyjazn\u0105 atmosfer\u0119, w kt\u00f3rej \u0142atwiej si\u0119 uczy\u0107 i prze\u0142amywa\u0107 stres.\n<br><br>\nWierz\u0119, \u017ce dobra nauka jazdy to nie tylko godziny za kierownic\u0105, ale te\u017c zrozumienie zasad ruchu, budowanie pewno\u015bci siebie i rozwijanie \u015bwiadomo\u015bci na drodze. Dzi\u0119ki takiemu podej\u015bciu wielu moich kursant\u00f3w zdaje egzamin za pierwszym razem \u2013 i co wa\u017cniejsze, je\u017adzi potem z przyjemno\u015bci\u0105 i spokojem.\n<\/div><!-- .section-description --><\/div><!-- .section-title-wrapper -->\t\t\t\t<\/div>\n\t\t\t\t<\/div>\n\t\t\t\t\t<\/div>\n\t\t<\/div>\n\t\t\t\t\t<\/div>\n\t\t<\/section>\n\t\t\t\t<section class=\"elementor-section elementor-top-section elementor-element elementor-element-cf95482 elementor-section-full_width elementor-section-stretched elementor-section-height-default elementor-section-height-default\" data-id=\"cf95482\" data-element_type=\"section\" data-settings=\"{&quot;stretch_section&quot;:&quot;section-stretched&quot;}\">\n\t\t\t\t\t\t<div class=\"elementor-container elementor-column-gap-no\">\n\t\t\t\t\t<div class=\"elementor-column elementor-col-50 elementor-top-column elementor-element elementor-element-5794637\" data-id=\"5794637\" data-element_type=\"column\">\n\t\t\t<div class=\"elementor-widget-wrap\">\n\t\t\t\t\t\t\t<\/div>\n\t\t<\/div>\n\t\t\t\t<div class=\"elementor-column elementor-col-50 elementor-top-column elementor-element elementor-element-25115d7\" data-id=\"25115d7\" data-element_type=\"column\">\n\t\t\t<div class=\"elementor-widget-wrap elementor-element-populated\">\n\t\t\t\t\t\t<section class=\"elementor-section elementor-inner-section elementor-element elementor-element-6e476e3 elementor-section-full_width elementor-section-height-default elementor-section-height-default\" data-id=\"6e476e3\" data-element_type=\"section\">\n\t\t\t\t\t\t<div class=\"elementor-container elementor-column-gap-no\">\n\t\t\t\t\t<div class=\"elementor-column elementor-col-100 elementor-inner-column elementor-element elementor-element-17b154b\" data-id=\"17b154b\" data-element_type=\"column\">\n\t\t\t<div class=\"elementor-widget-wrap elementor-element-populated\">\n\t\t\t\t\t\t<div class=\"elementor-element elementor-element-4440d87 bf-tri elementor-widget elementor-widget-text-editor\" data-id=\"4440d87\" data-element_type=\"widget\" data-widget_type=\"text-editor.default\">\n\t\t\t\t\t\t\t\t\t<p class=\"text-center typo-white\">Napisz do mnie na adres: <a href=\"mailto:kontakt@naukajazdypecko.pl\"><strong> <span class=\"secondary-color\"> kontakt@naukajazdypecko.pl<\/span><\/strong><\/a><\/p>\t\t\t\t\t\t\t\t<\/div>\n\t\t\t\t\t<\/div>\n\t\t<\/div>\n\t\t\t\t\t<\/div>\n\t\t<\/section>\n\t\t\t\t\t<\/div>\n\t\t<\/div>\n\t\t\t\t\t<\/div>\n\t\t<\/section>\n\t\t\t\t<section class=\"elementor-section elementor-top-section elementor-element elementor-element-0ceb8be elementor-section-stretched elementor-section-boxed elementor-section-height-default elementor-section-height-default\" data-id=\"0ceb8be\" data-element_type=\"section\" data-settings=\"{&quot;stretch_section&quot;:&quot;section-stretched&quot;,&quot;background_background&quot;:&quot;classic&quot;}\">\n\t\t\t\t\t\t<div class=\"elementor-container elementor-column-gap-default\">\n\t\t\t\t\t<div class=\"elementor-column elementor-col-100 elementor-top-column elementor-element elementor-element-fa93992\" data-id=\"fa93992\" data-element_type=\"column\">\n\t\t\t<div class=\"elementor-widget-wrap elementor-element-populated\">\n\t\t\t\t\t\t<section class=\"elementor-section elementor-inner-section elementor-element elementor-element-338cdf5 elementor-section-boxed elementor-section-height-default elementor-section-height-default\" data-id=\"338cdf5\" data-element_type=\"section\">\n\t\t\t\t\t\t<div class=\"elementor-container elementor-column-gap-default\">\n\t\t\t\t\t<div class=\"elementor-column elementor-col-100 elementor-inner-column elementor-element elementor-element-0490210\" data-id=\"0490210\" data-element_type=\"column\">\n\t\t\t<div class=\"elementor-widget-wrap elementor-element-populated\">\n\t\t\t\t\t\t<div class=\"elementor-element elementor-element-f3ef128 elementor-widget elementor-widget-tainsectiontitle\" data-id=\"f3ef128\" data-element_type=\"widget\" data-widget_type=\"tainsectiontitle.default\">\n\t\t\t\t<div class=\"elementor-widget-container\">\n\t\t\t\t\t<div class=\"section-title-wrapper margin-bottom-30 text-center\"><div class=\"title-wrap\"><span class=\"sub-title\">Us\u0142ugi<\/span><h3 class=\"section-title\">DLACZEGO WARTO MNIE WYBRA\u0106?<\/h3><\/div><!-- .title-wrap --><div class=\"section-description\"><\/div><!-- .section-description --><\/div><!-- .section-title-wrapper -->\t\t\t\t<\/div>\n\t\t\t\t<\/div>\n\t\t\t\t\t<\/div>\n\t\t<\/div>\n\t\t\t\t\t<\/div>\n\t\t<\/section>\n\t\t\t\t<section class=\"elementor-section elementor-inner-section elementor-element elementor-element-acd3829 elementor-section-boxed elementor-section-height-default elementor-section-height-default\" data-id=\"acd3829\" data-element_type=\"section\">\n\t\t\t\t\t\t<div class=\"elementor-container elementor-column-gap-default\">\n\t\t\t\t\t<div class=\"elementor-column elementor-col-50 elementor-inner-column elementor-element elementor-element-91ae13e\" data-id=\"91ae13e\" data-element_type=\"column\">\n\t\t\t<div class=\"elementor-widget-wrap elementor-element-populated\">\n\t\t\t\t\t\t<div class=\"elementor-element elementor-element-4eff398 ct-anim1 elementor-widget elementor-widget-tainfeaturebox\" data-id=\"4eff398\" data-element_type=\"widget\" data-widget_type=\"tainfeaturebox.default\">\n\t\t\t\t<div class=\"elementor-widget-container feature-box-wrapper shortcode-rand-3 tain-inline-css\" data-css=\"&quot;.shortcode-rand-3.feature-box-wrapper .feature-box-inner &gt; *:nth-child(1), .shortcode-rand-3.feature-box-wrapper &gt; .media &gt; .media-body &gt; *:nth-child(1) { margin-bottom: 14px; }.shortcode-rand-3.feature-box-wrapper .feature-box-inner &gt; *:nth-child(2), .shortcode-rand-3.feature-box-wrapper &gt; .media &gt; .media-body &gt; *:nth-child(2) { margin-bottom: 10px; }.shortcode-rand-3.feature-box-wrapper .feature-box-inner &gt; *:nth-child(3), .shortcode-rand-3.feature-box-wrapper &gt; .media &gt; .media-body &gt; *:nth-child(3) { margin-bottom: 10px; }&quot;\">\r\n\t\t\t<div class=\"media\"><div class=\"media-icon-part\"><div class=\"feature-box-image squared fbox-img-overlay-none\"><img decoding=\"async\" class=\"img-fluid\" src=\"https:\/\/elementor.zozothemes.com\/tain\/wp-content\/uploads\/sites\/34\/2020\/08\/4-1.png\" alt=\"Feature Box Image\"><\/div><\/div><div class=\"media-body\"><h5 class=\"feature-box-title\">1. Solidne podstawy i praktyczna nauka<\/h5><div class=\"fbox-content\">Podczas zaj\u0119\u0107 ucz\u0119 nie tylko prowadzenia samochodu, ale tak\u017ce rozumienia zasad ruchu drogowego, planowania manewr\u00f3w i bezpiecznego reagowania na r\u00f3\u017cne sytuacje. Stawiam na praktyk\u0119 opart\u0105 na realnych przyk\u0142adach z codziennej jazdy, kt\u00f3re pomagaj\u0105 utrwali\u0107 wiedz\u0119 w naturalny spos\u00f3b. Ka\u017cda lekcja to po\u0142\u0105czenie teorii z praktyk\u0105 \u2013 omawiam zachowania innych uczestnik\u00f3w ruchu, t\u0142umacz\u0119 przepisy w kontek\u015bcie rzeczywistych sytuacji oraz pokazuj\u0119, jak podejmowa\u0107 odpowiedzialne decyzje za kierownic\u0105. Moim celem jest nauczy\u0107 nie tylko zdania egzaminu, ale tak\u017ce pewnej, samodzielnej jazdy po jego uko\u0144czeniu.<\/div><div class=\"feature-box-btn\"><a class=\"btn theme-color btn-light btn-bg-dark theme-hbg-color btn-link\" href=\"#\" title=\"See More\">See More<\/a><\/div><!-- .feature-box-btn --><\/div><!-- .media-body --><\/div><!-- .media -->\t\t<\/div>\r\n\t\t\t\t<\/div>\n\t\t\t\t<div class=\"elementor-element elementor-element-d8f8895 ct-anim1 elementor-widget elementor-widget-tainfeaturebox\" data-id=\"d8f8895\" data-element_type=\"widget\" data-widget_type=\"tainfeaturebox.default\">\n\t\t\t\t<div class=\"elementor-widget-container feature-box-wrapper text-left shortcode-rand-4 tain-inline-css\" data-css=\"&quot;.shortcode-rand-4.feature-box-wrapper .feature-box-inner &gt; *:nth-child(1), .shortcode-rand-4.feature-box-wrapper &gt; .media &gt; .media-body &gt; *:nth-child(1) { margin-bottom: 14px; }.shortcode-rand-4.feature-box-wrapper .feature-box-inner &gt; *:nth-child(2), .shortcode-rand-4.feature-box-wrapper &gt; .media &gt; .media-body &gt; *:nth-child(2) { margin-bottom: 10px; }.shortcode-rand-4.feature-box-wrapper .feature-box-inner &gt; *:nth-child(3), .shortcode-rand-4.feature-box-wrapper &gt; .media &gt; .media-body &gt; *:nth-child(3) { margin-bottom: 10px; }&quot;\">\r\n\t\t\t<div class=\"media\"><div class=\"media-icon-part\"><div class=\"feature-box-image squared fbox-img-overlay-none\"><img decoding=\"async\" class=\"img-fluid\" src=\"https:\/\/elementor.zozothemes.com\/tain\/wp-content\/uploads\/sites\/34\/2020\/08\/3-1.png\" alt=\"Feature Box Image\"><\/div><\/div><div class=\"media-body\"><h5 class=\"feature-box-title\">3. Elastyczne godziny zaj\u0119\u0107<\/h5><div class=\"fbox-content\">Rozumiem, \u017ce wielu kursant\u00f3w \u0142\u0105czy nauk\u0119 jazdy z prac\u0105, studiami lub innymi obowi\u0105zkami. Dlatego oferuj\u0119 elastyczny grafik \u2013 jazdy mo\u017cna umawia\u0107 w godzinach popo\u0142udniowych, wieczornych, a tak\u017ce w weekendy. Pozwala to lepiej dopasowa\u0107 harmonogram nauki do indywidualnych mo\u017cliwo\u015bci czasowych. Dodatkowo oferuj\u0119 r\u00f3\u017cne trasy \u2013 zar\u00f3wno w centrum, jak i na obrze\u017cach Gda\u0144ska \u2013 dzi\u0119ki czemu kursanci ucz\u0105 si\u0119 prowadzi\u0107 w zr\u00f3\u017cnicowanym ruchu i warunkach. Dzi\u0119ki tej elastyczno\u015bci nauka jazdy staje si\u0119 bardziej komfortowa i dost\u0119pna dla ka\u017cdego, niezale\u017cnie od trybu \u017cycia.<\/div><div class=\"feature-box-btn\"><a class=\"btn theme-color btn-light btn-bg-dark theme-hbg-color btn-link\" href=\"#\" title=\"See More\">See More<\/a><\/div><!-- .feature-box-btn --><\/div><!-- .media-body --><\/div><!-- .media -->\t\t<\/div>\r\n\t\t\t\t<\/div>\n\t\t\t\t\t<\/div>\n\t\t<\/div>\n\t\t\t\t<div class=\"elementor-column elementor-col-50 elementor-inner-column elementor-element elementor-element-9f51032\" data-id=\"9f51032\" data-element_type=\"column\">\n\t\t\t<div class=\"elementor-widget-wrap elementor-element-populated\">\n\t\t\t\t\t\t<div class=\"elementor-element elementor-element-2ddd197 ct-anim1 elementor-widget elementor-widget-tainfeaturebox\" data-id=\"2ddd197\" data-element_type=\"widget\" data-widget_type=\"tainfeaturebox.default\">\n\t\t\t\t<div class=\"elementor-widget-container feature-box-wrapper text-left shortcode-rand-5 tain-inline-css\" data-css=\"&quot;.shortcode-rand-5.feature-box-wrapper .feature-box-inner &gt; *:nth-child(1), .shortcode-rand-5.feature-box-wrapper &gt; .media &gt; .media-body &gt; *:nth-child(1) { margin-bottom: 14px; }.shortcode-rand-5.feature-box-wrapper .feature-box-inner &gt; *:nth-child(2), .shortcode-rand-5.feature-box-wrapper &gt; .media &gt; .media-body &gt; *:nth-child(2) { margin-bottom: 10px; }.shortcode-rand-5.feature-box-wrapper .feature-box-inner &gt; *:nth-child(3), .shortcode-rand-5.feature-box-wrapper &gt; .media &gt; .media-body &gt; *:nth-child(3) { margin-bottom: 10px; }&quot;\">\r\n\t\t\t<div class=\"media\"><div class=\"media-icon-part\"><div class=\"feature-box-image squared fbox-img-overlay-none\"><img decoding=\"async\" class=\"img-fluid\" src=\"https:\/\/elementor.zozothemes.com\/tain\/wp-content\/uploads\/sites\/34\/2020\/08\/2-1.png\" alt=\"Feature Box Image\"><\/div><\/div><div class=\"media-body\"><h5 class=\"feature-box-title\">2. Indywidualne podej\u015bcie do ka\u017cdego kursanta<\/h5><div class=\"fbox-content\">Ka\u017cdy kursant uczy si\u0119 w innym tempie \u2013 dlatego dostosowuj\u0119 plan i rytm zaj\u0119\u0107 do indywidualnych potrzeb, umiej\u0119tno\u015bci oraz poziomu zaawansowania. Uwa\u017cnie obserwuj\u0119 post\u0119py, dostosowuj\u0105c tras\u0119 i zadania do bie\u017c\u0105cych mo\u017cliwo\u015bci, tak aby nauka przebiega\u0142a skutecznie i bez stresu. Stawiam na cierpliwo\u015b\u0107, zrozumienie i pozytywn\u0105 atmosfer\u0119. Wiem, \u017ce dla wielu os\u00f3b pierwsze lekcje za kierownic\u0105 wi\u0105\u017c\u0105 si\u0119 z du\u017cymi emocjami, dlatego dbam o to, aby ka\u017cdy kursant czu\u0142 si\u0119 pewnie, bezpiecznie i mia\u0142 przestrze\u0144 do pope\u0142niania b\u0142\u0119d\u00f3w \u2013 bo to w\u0142a\u015bnie z nich uczymy si\u0119 najwi\u0119cej.e.<\/div><div class=\"feature-box-btn\"><a class=\"btn theme-color btn-light btn-bg-dark theme-hbg-color btn-link\" href=\"#\" title=\"See More\">See More<\/a><\/div><!-- .feature-box-btn --><\/div><!-- .media-body --><\/div><!-- .media -->\t\t<\/div>\r\n\t\t\t\t<\/div>\n\t\t\t\t<div class=\"elementor-element elementor-element-49b2c15 ct-anim1 elementor-widget elementor-widget-tainfeaturebox\" data-id=\"49b2c15\" data-element_type=\"widget\" data-widget_type=\"tainfeaturebox.default\">\n\t\t\t\t<div class=\"elementor-widget-container feature-box-wrapper text-left shortcode-rand-6 tain-inline-css\" data-css=\"&quot;.shortcode-rand-6.feature-box-wrapper .feature-box-inner &gt; *:nth-child(1), .shortcode-rand-6.feature-box-wrapper &gt; .media &gt; .media-body &gt; *:nth-child(1) { margin-bottom: 14px; }.shortcode-rand-6.feature-box-wrapper .feature-box-inner &gt; *:nth-child(2), .shortcode-rand-6.feature-box-wrapper &gt; .media &gt; .media-body &gt; *:nth-child(2) { margin-bottom: 10px; }.shortcode-rand-6.feature-box-wrapper .feature-box-inner &gt; *:nth-child(3), .shortcode-rand-6.feature-box-wrapper &gt; .media &gt; .media-body &gt; *:nth-child(3) { margin-bottom: 10px; }&quot;\">\r\n\t\t\t<div class=\"media\"><div class=\"media-icon-part\"><div class=\"feature-box-image squared fbox-img-overlay-none\"><img decoding=\"async\" class=\"img-fluid\" src=\"https:\/\/elementor.zozothemes.com\/tain\/wp-content\/uploads\/sites\/34\/2020\/08\/1-1.png\" alt=\"Feature Box Image\"><\/div><\/div><div class=\"media-body\"><h5 class=\"feature-box-title\">4. Realne przygotowanie do egzaminu<\/h5><div class=\"fbox-content\">Zaj\u0119cia prowadz\u0119 g\u0142\u00f3wnie na trasach, kt\u00f3re odpowiadaj\u0105 rzeczywistym warunkom egzaminacyjnym w Gda\u0144sku. Dzi\u0119ki temu kursanci poznaj\u0105 miejsca, w kt\u00f3rych odbywaj\u0105 si\u0119 egzaminy, oraz typowe manewry i sytuacje, kt\u00f3re pojawiaj\u0105 si\u0119 podczas test\u00f3w. Regularnie organizuj\u0119 symulacje egzamin\u00f3w, aby kursanci mogli oswoi\u0107 si\u0119 z przebiegiem i atmosfer\u0105 egzaminu pa\u0144stwowego. Omawiam pope\u0142niane b\u0142\u0119dy i t\u0142umacz\u0119, jak ich unika\u0107 w przysz\u0142o\u015bci. Moim celem jest nie tylko przygotowanie do zdania egzaminu za pierwszym razem, ale te\u017c wyrobienie trwa\u0142ych nawyk\u00f3w bezpiecznej i pewnej jazdy.<\/div><div class=\"feature-box-btn\"><a class=\"btn theme-color btn-light btn-bg-dark theme-hbg-color btn-link\" href=\"#\" title=\"See More\">See More<\/a><\/div><!-- .feature-box-btn --><\/div><!-- .media-body --><\/div><!-- .media -->\t\t<\/div>\r\n\t\t\t\t<\/div>\n\t\t\t\t\t<\/div>\n\t\t<\/div>\n\t\t\t\t\t<\/div>\n\t\t<\/section>\n\t\t\t\t\t<\/div>\n\t\t<\/div>\n\t\t\t\t\t<\/div>\n\t\t<\/section>\n\t\t\t\t<section class=\"elementor-section elementor-top-section elementor-element elementor-element-20cc679 elementor-section-stretched elementor-section-boxed elementor-section-height-default elementor-section-height-default\" data-id=\"20cc679\" data-element_type=\"section\" data-settings=\"{&quot;stretch_section&quot;:&quot;section-stretched&quot;,&quot;background_background&quot;:&quot;classic&quot;}\">\n\t\t\t\t\t\t\t<div class=\"elementor-background-overlay\"><\/div>\n\t\t\t\t\t\t\t<div class=\"elementor-container elementor-column-gap-default\">\n\t\t\t\t\t<div class=\"elementor-column elementor-col-50 elementor-top-column elementor-element elementor-element-bfe6f92\" data-id=\"bfe6f92\" data-element_type=\"column\">\n\t\t\t<div class=\"elementor-widget-wrap elementor-element-populated\">\n\t\t\t\t\t\t<div class=\"elementor-element elementor-element-daa4a07 elementor-widget elementor-widget-heading\" data-id=\"daa4a07\" data-element_type=\"widget\" data-widget_type=\"heading.default\">\n\t\t\t\t\t<h6 class=\"elementor-heading-title elementor-size-default\">Ponad 100 zadowolonych klient\u00f3w w 2025 roku<\/h6>\t\t\t\t<\/div>\n\t\t\t\t<div class=\"elementor-element elementor-element-4b67c1f elementor-widget elementor-widget-taintestimonial\" data-id=\"4b67c1f\" data-element_type=\"widget\" data-widget_type=\"taintestimonial.default\">\n\t\t\t\t<div class=\"elementor-widget-container\">\n\t\t\t\t\t<div class=\"testimonial-wrapper testimonial-classic text-left testimonial-light shortcode-rand-7 tain-inline-css\" data-css=\"&quot;.shortcode-rand-7.testimonial-wrapper .testimonial-inner &gt; *:nth-child(1) { margin-bottom: 35px; }&quot;\"><div class=\"owl-carousel\" data-loop=\"1\" data-margin=\"0\" data-center=\"0\" data-nav=\"1\" data-dots=\"1\" data-autoplay=\"0\" data-items=\"1\" data-items-tab=\"1\" data-items-mob=\"1\" data-duration=\"5000\" data-smartspeed=\"250\" data-scrollby=\"1\" data-autoheight=\"false\"><div class=\"item\"><div class=\"testimonial-inner rounded\"><div class=\"testimonial-excerpt\"><p>,,Bardzo spokojny, cierpliwy i rzeczowy instruktor. Po ka\u017cdej lekcji dok\u0142adnie wiedzia\u0142em, nad czym musz\u0119 jeszcze popracowa\u0107.<\/p>\n<\/div><!-- .testimonial-excerpt --><div class=\"testimonial-thumb\"><img decoding=\"async\" width=\"80\" height=\"80\" src=\"https:\/\/naukajazdypecko.pl\/wp-content\/uploads\/2019\/07\/natural-beauty-girl-s-face-with-no-makeup_906809-4363-80x80.avif\" class=\"img-fluid rounded-circle wp-post-image\" alt=\"\" srcset=\"https:\/\/naukajazdypecko.pl\/wp-content\/uploads\/2019\/07\/natural-beauty-girl-s-face-with-no-makeup_906809-4363-80x80.avif 80w, https:\/\/naukajazdypecko.pl\/wp-content\/uploads\/2019\/07\/natural-beauty-girl-s-face-with-no-makeup_906809-4363.avif 626w\" sizes=\"(max-width: 80px) 100vw, 80px\" \/><\/div><!-- .testimonial-thumb --><div class=\"testimonial-info\"><div class=\"testimonial-info-inner\"><h4><span class=\"client-name\">Ania, Gda\u0144sk<\/span><\/h4><span class=\"client-designation\">Manager<\/span><\/div><\/div><!-- .testimonial-info --><\/div><!-- .testimonial-inner --><\/div><!-- .item --><\/div><!-- .owl-carousel --><\/div><!-- .testimonial-wrapper -->\t\t\t\t<\/div>\n\t\t\t\t<\/div>\n\t\t\t\t\t<\/div>\n\t\t<\/div>\n\t\t\t\t<div class=\"elementor-column elementor-col-50 elementor-top-column elementor-element elementor-element-e9e33fb\" data-id=\"e9e33fb\" data-element_type=\"column\">\n\t\t\t<div class=\"elementor-widget-wrap elementor-element-populated\">\n\t\t\t\t\t\t<div class=\"elementor-element elementor-element-cc6e034 elementor-hidden-tablet elementor-hidden-mobile elementor-widget elementor-widget-image\" data-id=\"cc6e034\" data-element_type=\"widget\" data-widget_type=\"image.default\">\n\t\t\t\t\t\t\t\t\t\t\t\t\t\t\t<img decoding=\"async\" width=\"666\" height=\"697\" src=\"https:\/\/naukajazdypecko.pl\/wp-content\/uploads\/2022\/06\/testi-img2.png\" class=\"attachment-full size-full wp-image-13831\" alt=\"\" \/>\t\t\t\t\t\t\t\t\t\t\t\t\t\t\t<\/div>\n\t\t\t\t\t<\/div>\n\t\t<\/div>\n\t\t\t\t\t<\/div>\n\t\t<\/section>\n\t\t\t\t<\/div>\n\t\t","protected":false},"excerpt":{"rendered":"<p>0+ Kursant\u00f3w 0+ godzin jazdy O mnie Kim jestem Nazywam si\u0119 Bartosz Pecko i prowadz\u0119 indywidualne<\/p>\n","protected":false},"author":1,"featured_media":0,"parent":0,"menu_order":0,"comment_status":"closed","ping_status":"closed","template":"","meta":{"footnotes":""},"class_list":["post-11927","page","type-page","status-publish","hentry"],"_links":{"self":[{"href":"https:\/\/naukajazdypecko.pl\/index.php\/wp-json\/wp\/v2\/pages\/11927","targetHints":{"allow":["GET"]}}],"collection":[{"href":"https:\/\/naukajazdypecko.pl\/index.php\/wp-json\/wp\/v2\/pages"}],"about":[{"href":"https:\/\/naukajazdypecko.pl\/index.php\/wp-json\/wp\/v2\/types\/page"}],"author":[{"embeddable":true,"href":"https:\/\/naukajazdypecko.pl\/index.php\/wp-json\/wp\/v2\/users\/1"}],"replies":[{"embeddable":true,"href":"https:\/\/naukajazdypecko.pl\/index.php\/wp-json\/wp\/v2\/comments?post=11927"}],"version-history":[{"count":56,"href":"https:\/\/naukajazdypecko.pl\/index.php\/wp-json\/wp\/v2\/pages\/11927\/revisions"}],"predecessor-version":[{"id":18570,"href":"https:\/\/naukajazdypecko.pl\/index.php\/wp-json\/wp\/v2\/pages\/11927\/revisions\/18570"}],"wp:attachment":[{"href":"https:\/\/naukajazdypecko.pl\/index.php\/wp-json\/wp\/v2\/media?parent=11927"}],"curies":[{"name":"wp","href":"https:\/\/api.w.org\/{rel}","templated":true}]}}